{"id":46,"date":"2021-02-15T16:45:36","date_gmt":"2021-02-15T15:45:36","guid":{"rendered":"http:\/\/francareindustries.com\/?page_id=46"},"modified":"2021-02-15T17:37:25","modified_gmt":"2021-02-15T16:37:25","slug":"votre-cadeau-pour-nos-25-ans","status":"publish","type":"page","link":"http:\/\/francareindustries.com\/en\/votre-cadeau-pour-nos-25-ans\/","title":{"rendered":"Our 25<sup>th<\/sup>  Jubilee gift"},"content":{"rendered":"<p>Dear Customers, Dear Friends,<\/p>\n\n\n\n<p>For our Jubilee, we are proud to offer you our ISO 9001:2008 certification which confirm one more time our genuine care to serve you.<\/p>\n\n\n\n<div class=\"wp-block-image\"><figure class=\"aligncenter size-large\"><img loading=\"lazy\" width=\"724\" height=\"1024\" src=\"http:\/\/francareindustries.com\/wp-content\/uploads\/2021\/02\/certification-ISO-724x1024.jpg\" alt=\"\" class=\"wp-image-60\" srcset=\"http:\/\/francareindustries.com\/wp-content\/uploads\/2021\/02\/certification-ISO-724x1024.jpg 724w, http:\/\/francareindustries.com\/wp-content\/uploads\/2021\/02\/certification-ISO-212x300.jpg 212w, http:\/\/francareindustries.com\/wp-content\/uploads\/2021\/02\/certification-ISO-768x1086.jpg 768w, http:\/\/francareindustries.com\/wp-content\/uploads\/2021\/02\/certification-ISO.jpg 1000w\" sizes=\"(max-width: 724px) 100vw, 724px\" \/><\/figure><\/div>","protected":false},"excerpt":{"rendered":"<p>Chers Clients, Chers Amis, Pour notre anniversaire, nous vous offrons avec un immense plaisir la preuve de la qualit\u00e9 et du soin continu que nous apportons \u00e0 nos prestations et \u00e0 votre satisfaction depuis 25 ans.<\/p>","protected":false},"author":1,"featured_media":0,"parent":0,"menu_order":8,"comment_status":"closed","ping_status":"closed","template":"","meta":[],"_links":{"self":[{"href":"http:\/\/francareindustries.com\/en\/wp-json\/wp\/v2\/pages\/46"}],"collection":[{"href":"http:\/\/francareindustries.com\/en\/wp-json\/wp\/v2\/pages"}],"about":[{"href":"http:\/\/francareindustries.com\/en\/wp-json\/wp\/v2\/types\/page"}],"author":[{"embeddable":true,"href":"http:\/\/francareindustries.com\/en\/wp-json\/wp\/v2\/users\/1"}],"replies":[{"embeddable":true,"href":"http:\/\/francareindustries.com\/en\/wp-json\/wp\/v2\/comments?post=46"}],"version-history":[{"count":2,"href":"http:\/\/francareindustries.com\/en\/wp-json\/wp\/v2\/pages\/46\/revisions"}],"predecessor-version":[{"id":61,"href":"http:\/\/francareindustries.com\/en\/wp-json\/wp\/v2\/pages\/46\/revisions\/61"}],"wp:attachment":[{"href":"http:\/\/francareindustries.com\/en\/wp-json\/wp\/v2\/media?parent=46"}],"curies":[{"name":"wp","href":"https:\/\/api.w.org\/{rel}","templated":true}]}}