{"id":30,"date":"2021-02-15T16:17:51","date_gmt":"2021-02-15T15:17:51","guid":{"rendered":"http:\/\/francareindustries.com\/?page_id=30"},"modified":"2021-03-01T15:28:20","modified_gmt":"2021-03-01T14:28:20","slug":"le-discours-de-ludwig-2-2","status":"publish","type":"page","link":"http:\/\/francareindustries.com\/en\/le-discours-de-ludwig-2-2\/","title":{"rendered":"Ludwig\u2019s speech"},"content":{"rendered":"<p>Avant d\u2019\u00e9tre FRANCARE, j\u2019ai \u00e9t\u00e9 au d\u00e9but de ma vie, sans trop y croire\u2026.IRAKARE\u2026<\/p>\n\n\n\n<p>En effet je suis n\u00e9 \u00e0 Bagdad le 18 ao\u00fbt 1943, sous le signe du Lion ascendant\u00a0<strong>cl\u00e9 mixte<\/strong>.<br>Effectivement, dans ma famille,\u00a0 nous balancions entre\u00a0:<\/p>\n\n\n\n<p>la cl\u00e9 de sol (ou fa) <br>et la cl\u00e9 de bricolage.<\/p>\n\n\n\n<p>J\u2019ai grandi sous ces deux signes prenant des cours de Piano pour le premier volet<br>et fr\u00e9quentant tr\u00e8s souvent le magasin de mon oncle qui r\u00e9parait tout \u2026 C\u2019est l\u00e0 o\u00f9 j\u2019ai commenc\u00e9 mes connaissances &nbsp;outillagologiques\u2026.<\/p>\n\n\n\n<p>Je vais donc utiliser, pour compenser mes lacunes en langue fran\u00e7aise, le langage de l\u2019outillage que je ma\u00eetrise mieux\u2026.<\/p>\n\n\n\n<p>En 1961, je quitte l\u2019Irak o\u00f9 la&nbsp;<strong>m\u00e9trologie<\/strong>&nbsp;ne me convenait pas. Je prends mes&nbsp;<strong>pompes&nbsp;<\/strong>et&nbsp;<strong>burettes&nbsp;<\/strong>&nbsp;et je&nbsp;<strong>pointe \u00e0 tracer&nbsp;<\/strong>vers la France o\u00f9 je m\u2019<strong>\u00e9tablis<\/strong>.<\/p>\n\n\n\n<p>D\u2019abord j\u2019ai essay\u00e9 de faire une\u00a0<strong>perceuse<\/strong>\u00a0en Architecture mais rapidement j\u2019ai eu un\u00a0<strong>renvoi- d\u2019angle.<\/strong>\u00a0<br>Alors, apr\u00e8s un\u00a0<strong>serrage contr\u00f4l\u00e9,<\/strong>\u00a0j\u2019ai pris\u00a0<strong>l\u2019\u00e9querre \u00e0 chapeau<\/strong>\u00a0et\u00a0 me suis dis \u00ab\u00a0\u00e9coute mon vieux t\u2019en\u00a0<strong>pince pour segment<\/strong>\u00a0commercial, alors va s\u2019y<\/p>\n\n\n\n<p>Apr\u00e8s les \u00e9tudes commerciales, la&nbsp;<strong>cl\u00e9 contre coud\u00e9e,<\/strong>&nbsp;je fais mon service militaire. Je me suis rendu compte pendant les 16 mois que c\u2019\u00e9tait une&nbsp;<strong>masse d\u2019inertie<\/strong>&nbsp;et que la plupart des militaires \u00e9taient des vraies&nbsp;<strong>pompes \u00e0 tarer les injecteurs.<\/strong><\/p>\n\n\n\n<p>C\u2019est alors qu\u2019avec un\u00a0<strong>doigt de pr\u00e9hension<\/strong>, le 1er avril 1977, je rentre chez FACOM.<br>Gr\u00e2ce \u00e0 une formation bien arros\u00e9e, j\u2019ai compris les \u00e9normes potentialit\u00e9s de la marque \u00ab\u00a0ROUGE\u00a0\u00bb.(Je ne d\u00e9teste pas non plus le Sancerre blanc).<\/p>\n\n\n\n<p>En 25 ans, j\u2019ai connu<br>Les\u00a0<strong>marteaux am\u00e9ricains<\/strong>,<br>les\u00a0<strong>tenailles russes,<\/strong><br>les\u00a0<strong>fausses \u00e9querres<\/strong>, les vrais amis,<br>les cons et vrais sultans, les\u00a0<strong>rapporteurs d\u2019angles<\/strong>,<br>les\u00a0<strong>tourne \u00e0 gauche<\/strong>,<br>les\u00a0<strong>cl\u00e9s m\u00e2les<\/strong>, (qu\u2019on trouve souvent avec) les\u00a0<strong>tournevis \u00e0 fente<\/strong>,<br>les\u00a0<strong>\u00e9quilibreuses<\/strong>, les d\u00e9s\u00e9quilibr\u00e9s,<br>les\u00a0<strong>baladeuses,<\/strong><br>les\u00a0<strong>cl\u00e9s \u00e0 culbuteurs<\/strong>,<br>les\u00a0<strong>ventouses,<\/strong><br>les\u00a0<strong>extracteurs de rotules<\/strong>,<br>les\u00a0<strong>supports de culasse<\/strong>,<br>les\u00a0<strong>r\u00e9fractom\u00e8tres,<\/strong><br>les\u00a0<strong>purgeurs de frein,<\/strong><br>des\u00a0<strong>jeux de fraise<\/strong>\u00a0(uniquement en saison)<br>des\u00a0<strong>leviers d\u2019effort<\/strong>,<br>des\u00a0<strong>tas \u00e0 t\u00eate ronde<\/strong>,<br>des\u00a0<strong>d\u00e9goujonneuses,<\/strong><br>une fois tous les 28 jours, des\u00a0<strong>cl\u00e9s demi lune<\/strong>,<br>sans oublier les rallonges (Il n\u2019y en a pas eu beaucoup r\u00e9cemment\u00a0! <br>Ils doivent \u00eatre en stop)\u2026 D\u2019ailleurs, il y\u2019a plusieurs types de rallonges\u00a0:<br><strong>Rallonge \u00e0 verrouillage<\/strong>\u2026.<br><strong>Rallonge flexible\u2026..<\/strong><br><strong>Rallonge angulaire\u2026..<\/strong><br>Mais bien sur, le mieux, c\u2019est la rallonge avec\u00a0<strong>augmentateur<\/strong>\u00a0au bout\u2026.<br>Mais \u00e7a, il ne faut pas r\u00eaver, elle est souvent remplac\u00e9e par une\u00a0<strong>cl\u00e9 en croix<\/strong>.<\/p>\n\n\n\n<p>Apr\u00e8s avoir&nbsp;<strong>Enduro<\/strong>&nbsp;8854 jours&nbsp;<strong>servante<\/strong>&nbsp;au&nbsp;<strong>poste de travail<\/strong>, &nbsp;et m\u2019\u00e9tant occup\u00e9 de pratiquement tous les pays entre le Maroc et le Japon, j\u2019ai compris qu\u2019il y avait un tournant..<\/p>\n\n\n\n<p>Pour moi FACOM voulait dire\u00a0:\u00a0<strong>F<\/strong>aire \u2013\u00a0<strong>A<\/strong>utre \u2013\u00a0<strong>C<\/strong>hose \u2013\u00a0<strong>O<\/strong>u \u2013\u00a0<strong>M<\/strong>archander<\/p>\n\n\n\n<p>J\u2019ai donc accept\u00e9 une retraite anticip\u00e9 et confortable.<\/p>\n\n\n\n<p>C\u2019est surtout par le service Appels d\u2019offres chez FACOM que j\u2019ai connu Ara AHARONIAN.<br>Il y avait des demandes importantes ou il fallait fournir de l\u2019outillage mais aussi beaucoup d\u2019autre mat\u00e9riel que FACOM ne pouvait pas fournir.<br>Avec Ara nous avons construit des bases, non seulement d\u2019ateliers complets dans plusieurs pays, mais aussi d\u2019une amiti\u00e9 solide\u00a0.<\/p>\n\n\n\n<p>Apres mon d\u00e9part en \u00ab&nbsp;retraite&nbsp;\u00bb en 2001. Ara avait bien rep\u00e9r\u00e9 ma \u00ab&nbsp;somnolence professionnelle\u2026 et a&nbsp; r\u00e9cup\u00e9r\u00e9 un marteau que je n\u2019utilisais plus pour commencer un harc\u00e8lement acharn\u00e9.<\/p>\n\n\n\n<p>J\u2019ai fini par fl\u00e9chir et nous avons entrepris la d\u00e9couverte francaresque de l\u2019Alg\u00e9rie.<\/p>\n\n\n\n<p>Et voil\u00e0\u2026. Apr\u00e8s 25 ans d\u2019une vie professionnelle palpitante chez FACOM, je contribue, avec autant de passion, \u00e0 c\u00e9l\u00e9brer avec une grande joie les 25 ans de FRANCARE.<\/p>\n\n\n\n<p>Ludwig KOUYOUMDJIAN<br>13 SEPTEMBRE 2013<\/p>","protected":false},"excerpt":{"rendered":"<p>Avant d\u2019\u00e9tre FRANCARE, j\u2019ai \u00e9t\u00e9 au d\u00e9but de ma vie, sans trop y croire\u2026.IRAKARE\u2026 En effet je suis n\u00e9 \u00e0 Bagdad le 18 ao\u00fbt 1943, sous le signe du Lion ascendant\u00a0cl\u00e9 mixte.Effectivement, dans ma famille,\u00a0 nous balancions entre\u00a0: la cl\u00e9 de sol (ou fa) et la cl\u00e9 de bricolage. J\u2019ai grandi sous ces deux signes &hellip;<\/p>\n<p class=\"read-more\"> <a class=\"\" href=\"http:\/\/francareindustries.com\/en\/le-discours-de-ludwig-2-2\/\"> <span class=\"screen-reader-text\">Ludwig\u2019s speech<\/span> Read More &raquo;<\/a><\/p>","protected":false},"author":1,"featured_media":0,"parent":0,"menu_order":4,"comment_status":"closed","ping_status":"closed","template":"","meta":[],"_links":{"self":[{"href":"http:\/\/francareindustries.com\/en\/wp-json\/wp\/v2\/pages\/30"}],"collection":[{"href":"http:\/\/francareindustries.com\/en\/wp-json\/wp\/v2\/pages"}],"about":[{"href":"http:\/\/francareindustries.com\/en\/wp-json\/wp\/v2\/types\/page"}],"author":[{"embeddable":true,"href":"http:\/\/francareindustries.com\/en\/wp-json\/wp\/v2\/users\/1"}],"replies":[{"embeddable":true,"href":"http:\/\/francareindustries.com\/en\/wp-json\/wp\/v2\/comments?post=30"}],"version-history":[{"count":1,"href":"http:\/\/francareindustries.com\/en\/wp-json\/wp\/v2\/pages\/30\/revisions"}],"predecessor-version":[{"id":31,"href":"http:\/\/francareindustries.com\/en\/wp-json\/wp\/v2\/pages\/30\/revisions\/31"}],"wp:attachment":[{"href":"http:\/\/francareindustries.com\/en\/wp-json\/wp\/v2\/media?parent=30"}],"curies":[{"name":"wp","href":"https:\/\/api.w.org\/{rel}","templated":true}]}}